{"id":67,"date":"2023-12-14T10:02:16","date_gmt":"2023-12-14T09:02:16","guid":{"rendered":"https:\/\/celine-gonzales.fr\/?page_id=67"},"modified":"2026-03-11T09:22:28","modified_gmt":"2026-03-11T08:22:28","slug":"les-mentions-legales","status":"publish","type":"page","link":"https:\/\/celine-gonzales.fr\/?page_id=67","title":{"rendered":"Les mentions l\u00e9gales"},"content":{"rendered":"\t\t<div data-elementor-type=\"wp-page\" data-elementor-id=\"67\" class=\"elementor elementor-67\" data-elementor-post-type=\"page\">\n\t\t\t\t<div class=\"elementor-element elementor-element-0b99fa7 e-flex e-con-boxed e-con e-parent\" data-id=\"0b99fa7\" data-element_type=\"container\" data-e-type=\"container\">\n\t\t\t\t\t<div class=\"e-con-inner\">\n\t\t\t\t<div class=\"elementor-element elementor-element-fdd110f elementor-widget elementor-widget-heading\" data-id=\"fdd110f\" data-element_type=\"widget\" data-e-type=\"widget\" data-widget_type=\"heading.default\">\n\t\t\t\t<div class=\"elementor-widget-container\">\n\t\t\t\t\t<h2 class=\"elementor-heading-title elementor-size-default\"><strong>MENTIONS L\u00c9GALES<\/strong><\/h2>\t\t\t\t<\/div>\n\t\t\t\t<\/div>\n\t\t\t\t<div class=\"elementor-element elementor-element-fe7d0be elementor-widget elementor-widget-text-editor\" data-id=\"fe7d0be\" data-element_type=\"widget\" data-e-type=\"widget\" data-widget_type=\"text-editor.default\">\n\t\t\t\t<div class=\"elementor-widget-container\">\n\t\t\t\t\t\t\t\t\t<p>\u00a0<\/p><p><strong>1 \u2013 \u00c9diteur du site<\/strong><\/p><p>Le pr\u00e9sent site internet, accessible \u00e0 l\u2019adresse :<br \/><a href=\"https:\/\/celine-gonzales.fr\/\"><strong>https:\/\/celine-gonzales.fr<\/strong><\/a><\/p><p>est \u00e9dit\u00e9 par :<\/p><p><strong>Madame C\u00e9line GONZALES \u00e9pouse BONDAREWICZ<\/strong><br \/>Entrepreneure individuelle<br \/>SIRET : 94260649200018<br \/>Adresse professionnelle : 37 ter rue de Rosi\u00e8res 54110 HUDIVILLER<br \/>T\u00e9l\u00e9phone : 06.86.54.87.43<br \/>Email :\u00a0celinegonzaleshypnose@gmail.com<\/p><p>La directrice de la publication est Madame C\u00e9line GONZALES \u00e9pouse BONDAREWICZ.<\/p><p><strong>2 \u2013 H\u00e9bergement<\/strong><\/p><p>Le site est h\u00e9berg\u00e9 par :<\/p><p><strong>INFOMANIAK NETWORK SA<\/strong><br \/>Rue Eug\u00e8ne-Marziano 25<br \/>1227 Les Acacias (Gen\u00e8ve)<br \/>Suisse<br \/>Site web :\u00a0<a href=\"https:\/\/www.infomaniak.com\/\">https:\/\/www.infomaniak.com<\/a><\/p><p><strong>3 \u2013 Propri\u00e9t\u00e9 intellectuelle<\/strong><\/p><p>L\u2019ensemble du site (structure, textes, images, graphismes, logo, vid\u00e9os, contenus t\u00e9l\u00e9chargeables, etc.) est la propri\u00e9t\u00e9 exclusive de Madame C\u00e9line GONZALES \u00e9pouse BONDAREWICZ, sauf mentions contraires.<\/p><p>Toute reproduction, repr\u00e9sentation, modification, publication, transmission ou adaptation, totale ou partielle, de tout ou partie du site, par quelque proc\u00e9d\u00e9 que ce soit, sans autorisation \u00e9crite pr\u00e9alable, est interdite et susceptible de constituer une contrefa\u00e7on sanctionn\u00e9e par les articles L.335-2 et suivants du Code de la propri\u00e9t\u00e9 intellectuelle.<\/p><p>Les marques, noms commerciaux et logos figurant sur le site sont prot\u00e9g\u00e9s.<\/p><p><strong>4 \u2013 Cr\u00e9dits photographiques<\/strong><\/p><p>Photographies r\u00e9alis\u00e9es par :<\/p><p><strong>St\u00e9phanie Lorrain \u2013 Sublimanie<\/strong><br \/>6 rue de la Mairie<br \/>54210 Ferri\u00e8res<br \/>T\u00e9l\u00e9phone : 06.77.47.82.85<br \/>Site :\u00a0<a href=\"http:\/\/www.sublimanie.fr\/\">www.sublimanie.fr<\/a><br \/>Email :\u00a0stephanie@sublimanie.fr<\/p><p>Toute reproduction des photographies sans autorisation est interdite.<\/p><p><strong>5 \u2013 Responsabilit\u00e9<\/strong><\/p><p>Le site a pour objet de pr\u00e9senter l\u2019activit\u00e9 professionnelle de Madame C\u00e9line GONZALES \u00e9pouse BONDAREWICZ.<\/p><p>Les informations diffus\u00e9es sont fournies \u00e0 titre informatif et ne sauraient engager la responsabilit\u00e9 de l\u2019\u00e9diteur.<\/p><p>Les prestations propos\u00e9es (hypnose, sophro-relaxation, EFT, PNL, yoga) ne se substituent en aucun cas \u00e0 un suivi m\u00e9dical, psychologique ou psychiatrique.<\/p><p>L\u2019utilisateur reste seul responsable de l\u2019usage qu\u2019il fait des informations contenues sur le site.<\/p><p><strong>POLITIQUE DE CONFIDENTIALIT\u00c9<\/strong><\/p><p><strong>6 \u2013 Responsable du traitement<\/strong><\/p><p>Madame C\u00e9line GONZALES \u00e9pouse BONDAREWICZ est responsable du traitement des donn\u00e9es personnelles collect\u00e9es sur le site.<\/p><p><strong>7 \u2013 Donn\u00e9es collect\u00e9es<\/strong><\/p><p>Les donn\u00e9es susceptibles d\u2019\u00eatre collect\u00e9es sont :<\/p><ul><li>Nom et pr\u00e9nom<\/li><li>Adresse email<\/li><li>Num\u00e9ro de t\u00e9l\u00e9phone<\/li><li>Toute information transmise via le formulaire de contact<\/li><\/ul><p>Ces donn\u00e9es sont collect\u00e9es uniquement lorsque l\u2019utilisateur les communique volontairement.<\/p><p><strong>8 \u2013 Finalit\u00e9s du traitement<\/strong><\/p><p>Les donn\u00e9es personnelles sont collect\u00e9es afin de :<\/p><ul><li>R\u00e9pondre aux demandes envoy\u00e9es via le formulaire<\/li><li>G\u00e9rer les rendez-vous et prestations<\/li><li>Adresser des informations ou offres relatives \u00e0 l\u2019activit\u00e9 (avec consentement pr\u00e9alable)<\/li><\/ul><p>Elles ne sont ni vendues ni c\u00e9d\u00e9es \u00e0 des tiers.<\/p><p><strong>9 \u2013 Dur\u00e9e de conservation<\/strong><\/p><p>Les donn\u00e9es sont conserv\u00e9es pendant la dur\u00e9e strictement n\u00e9cessaire \u00e0 la gestion de la relation professionnelle et conform\u00e9ment aux obligations l\u00e9gales.<\/p><p><strong>10 \u2013 Droits des utilisateurs<\/strong><\/p><p>Conform\u00e9ment au R\u00e8glement (UE) 2016\/679 du 27 avril 2016 (RGPD), vous disposez :<\/p><ul><li>D\u2019un droit d\u2019acc\u00e8s<\/li><li>D\u2019un droit de rectification<\/li><li>D\u2019un droit d\u2019effacement<\/li><li>D\u2019un droit d\u2019opposition<\/li><li>D\u2019un droit \u00e0 la limitation du traitement<\/li><\/ul><p>Vous pouvez exercer ces droits en contactant :<br \/>celinegonzaleshypnose@gmail.com<\/p><p>En cas de difficult\u00e9, vous pouvez introduire une r\u00e9clamation aupr\u00e8s de la CNIL (<a href=\"http:\/\/www.cnil.fr\/\">www.cnil.fr<\/a>).<\/p>\t\t\t\t\t\t\t\t<\/div>\n\t\t\t\t<\/div>\n\t\t\t\t\t<\/div>\n\t\t\t\t<\/div>\n\t\t\t\t<\/div>\n\t\t","protected":false},"excerpt":{"rendered":"<p>MENTIONS L\u00c9GALES \u00a0 1 \u2013 \u00c9diteur du site Le pr\u00e9sent site internet, accessible \u00e0 l\u2019adresse :https:\/\/celine-gonzales.fr est \u00e9dit\u00e9 par : Madame C\u00e9line GONZALES \u00e9pouse BONDAREWICZEntrepreneure individuelleSIRET : 94260649200018Adresse professionnelle : 37 ter rue de Rosi\u00e8res 54110 HUDIVILLERT\u00e9l\u00e9phone : 06.86.54.87.43Email :\u00a0celinegonzaleshypnose@gmail.com La directrice de la publication est Madame C\u00e9line GONZALES \u00e9pouse BONDAREWICZ. 2 \u2013 H\u00e9bergement Le [&hellip;]<\/p>\n","protected":false},"author":1,"featured_media":0,"parent":0,"menu_order":0,"comment_status":"closed","ping_status":"closed","template":"elementor_header_footer","meta":{"footnotes":""},"class_list":["post-67","page","type-page","status-publish","hentry"],"yoast_head":"<!-- This site is optimized with the Yoast SEO plugin v27.4 - https:\/\/yoast.com\/product\/yoast-seo-wordpress\/ -->\n<title>Les mentions l\u00e9gales - C\u00e9line Gonzales<\/title>\n<meta name=\"robots\" content=\"index, follow, max-snippet:-1, max-image-preview:large, max-video-preview:-1\" \/>\n<link rel=\"canonical\" href=\"https:\/\/celine-gonzales.fr\/?page_id=67\" \/>\n<meta property=\"og:locale\" content=\"en_US\" \/>\n<meta property=\"og:type\" content=\"article\" \/>\n<meta property=\"og:title\" content=\"Les mentions l\u00e9gales - C\u00e9line Gonzales\" \/>\n<meta property=\"og:description\" content=\"MENTIONS L\u00c9GALES \u00a0 1 \u2013 \u00c9diteur du site Le pr\u00e9sent site internet, accessible \u00e0 l\u2019adresse :https:\/\/celine-gonzales.fr est \u00e9dit\u00e9 par : Madame C\u00e9line GONZALES \u00e9pouse BONDAREWICZEntrepreneure individuelleSIRET : 94260649200018Adresse professionnelle : 37 ter rue de Rosi\u00e8res 54110 HUDIVILLERT\u00e9l\u00e9phone : 06.86.54.87.43Email :\u00a0celinegonzaleshypnose@gmail.com La directrice de la publication est Madame C\u00e9line GONZALES \u00e9pouse BONDAREWICZ. 2 \u2013 H\u00e9bergement Le [&hellip;]\" \/>\n<meta property=\"og:url\" content=\"https:\/\/celine-gonzales.fr\/?page_id=67\" \/>\n<meta property=\"og:site_name\" content=\"C\u00e9line Gonzales\" \/>\n<meta property=\"article:modified_time\" content=\"2026-03-11T08:22:28+00:00\" \/>\n<meta name=\"twitter:card\" content=\"summary_large_image\" \/>\n<meta name=\"twitter:label1\" content=\"Est. reading time\" \/>\n\t<meta name=\"twitter:data1\" content=\"3 minutes\" \/>\n<script type=\"application\/ld+json\" class=\"yoast-schema-graph\">{\"@context\":\"https:\\\/\\\/schema.org\",\"@graph\":[{\"@type\":\"WebPage\",\"@id\":\"https:\\\/\\\/celine-gonzales.fr\\\/?page_id=67\",\"url\":\"https:\\\/\\\/celine-gonzales.fr\\\/?page_id=67\",\"name\":\"Les mentions l\u00e9gales - C\u00e9line Gonzales\",\"isPartOf\":{\"@id\":\"https:\\\/\\\/celine-gonzales.fr\\\/#website\"},\"datePublished\":\"2023-12-14T09:02:16+00:00\",\"dateModified\":\"2026-03-11T08:22:28+00:00\",\"breadcrumb\":{\"@id\":\"https:\\\/\\\/celine-gonzales.fr\\\/?page_id=67#breadcrumb\"},\"inLanguage\":\"en-US\",\"potentialAction\":[{\"@type\":\"ReadAction\",\"target\":[\"https:\\\/\\\/celine-gonzales.fr\\\/?page_id=67\"]}]},{\"@type\":\"BreadcrumbList\",\"@id\":\"https:\\\/\\\/celine-gonzales.fr\\\/?page_id=67#breadcrumb\",\"itemListElement\":[{\"@type\":\"ListItem\",\"position\":1,\"name\":\"Accueil\",\"item\":\"https:\\\/\\\/celine-gonzales.fr\\\/\"},{\"@type\":\"ListItem\",\"position\":2,\"name\":\"Les mentions l\u00e9gales\"}]},{\"@type\":\"WebSite\",\"@id\":\"https:\\\/\\\/celine-gonzales.fr\\\/#website\",\"url\":\"https:\\\/\\\/celine-gonzales.fr\\\/\",\"name\":\"celine-gonzales.fr\",\"description\":\"Yoga - PLN - Hypnose - Sophro-relaxation\",\"publisher\":{\"@id\":\"https:\\\/\\\/celine-gonzales.fr\\\/#\\\/schema\\\/person\\\/319234eb4e2d9c7e908c002a679c7c8a\"},\"potentialAction\":[{\"@type\":\"SearchAction\",\"target\":{\"@type\":\"EntryPoint\",\"urlTemplate\":\"https:\\\/\\\/celine-gonzales.fr\\\/?s={search_term_string}\"},\"query-input\":{\"@type\":\"PropertyValueSpecification\",\"valueRequired\":true,\"valueName\":\"search_term_string\"}}],\"inLanguage\":\"en-US\"},{\"@type\":[\"Person\",\"Organization\"],\"@id\":\"https:\\\/\\\/celine-gonzales.fr\\\/#\\\/schema\\\/person\\\/319234eb4e2d9c7e908c002a679c7c8a\",\"name\":\"c\u00e9line Gonzales\",\"image\":{\"@type\":\"ImageObject\",\"inLanguage\":\"en-US\",\"@id\":\"https:\\\/\\\/celine-gonzales.fr\\\/wp-content\\\/uploads\\\/2023\\\/12\\\/cropped-Plan-de-travail-1-copie-12.png\",\"url\":\"https:\\\/\\\/celine-gonzales.fr\\\/wp-content\\\/uploads\\\/2023\\\/12\\\/cropped-Plan-de-travail-1-copie-12.png\",\"contentUrl\":\"https:\\\/\\\/celine-gonzales.fr\\\/wp-content\\\/uploads\\\/2023\\\/12\\\/cropped-Plan-de-travail-1-copie-12.png\",\"width\":224,\"height\":322,\"caption\":\"c\u00e9line Gonzales\"},\"logo\":{\"@id\":\"https:\\\/\\\/celine-gonzales.fr\\\/wp-content\\\/uploads\\\/2023\\\/12\\\/cropped-Plan-de-travail-1-copie-12.png\"}}]}<\/script>\n<!-- \/ Yoast SEO plugin. -->","yoast_head_json":{"title":"Les mentions l\u00e9gales - C\u00e9line Gonzales","robots":{"index":"index","follow":"follow","max-snippet":"max-snippet:-1","max-image-preview":"max-image-preview:large","max-video-preview":"max-video-preview:-1"},"canonical":"https:\/\/celine-gonzales.fr\/?page_id=67","og_locale":"en_US","og_type":"article","og_title":"Les mentions l\u00e9gales - C\u00e9line Gonzales","og_description":"MENTIONS L\u00c9GALES \u00a0 1 \u2013 \u00c9diteur du site Le pr\u00e9sent site internet, accessible \u00e0 l\u2019adresse :https:\/\/celine-gonzales.fr est \u00e9dit\u00e9 par : Madame C\u00e9line GONZALES \u00e9pouse BONDAREWICZEntrepreneure individuelleSIRET : 94260649200018Adresse professionnelle : 37 ter rue de Rosi\u00e8res 54110 HUDIVILLERT\u00e9l\u00e9phone : 06.86.54.87.43Email :\u00a0celinegonzaleshypnose@gmail.com La directrice de la publication est Madame C\u00e9line GONZALES \u00e9pouse BONDAREWICZ. 2 \u2013 H\u00e9bergement Le [&hellip;]","og_url":"https:\/\/celine-gonzales.fr\/?page_id=67","og_site_name":"C\u00e9line Gonzales","article_modified_time":"2026-03-11T08:22:28+00:00","twitter_card":"summary_large_image","twitter_misc":{"Est. reading time":"3 minutes"},"schema":{"@context":"https:\/\/schema.org","@graph":[{"@type":"WebPage","@id":"https:\/\/celine-gonzales.fr\/?page_id=67","url":"https:\/\/celine-gonzales.fr\/?page_id=67","name":"Les mentions l\u00e9gales - C\u00e9line Gonzales","isPartOf":{"@id":"https:\/\/celine-gonzales.fr\/#website"},"datePublished":"2023-12-14T09:02:16+00:00","dateModified":"2026-03-11T08:22:28+00:00","breadcrumb":{"@id":"https:\/\/celine-gonzales.fr\/?page_id=67#breadcrumb"},"inLanguage":"en-US","potentialAction":[{"@type":"ReadAction","target":["https:\/\/celine-gonzales.fr\/?page_id=67"]}]},{"@type":"BreadcrumbList","@id":"https:\/\/celine-gonzales.fr\/?page_id=67#breadcrumb","itemListElement":[{"@type":"ListItem","position":1,"name":"Accueil","item":"https:\/\/celine-gonzales.fr\/"},{"@type":"ListItem","position":2,"name":"Les mentions l\u00e9gales"}]},{"@type":"WebSite","@id":"https:\/\/celine-gonzales.fr\/#website","url":"https:\/\/celine-gonzales.fr\/","name":"celine-gonzales.fr","description":"Yoga - PLN - Hypnose - Sophro-relaxation","publisher":{"@id":"https:\/\/celine-gonzales.fr\/#\/schema\/person\/319234eb4e2d9c7e908c002a679c7c8a"},"potentialAction":[{"@type":"SearchAction","target":{"@type":"EntryPoint","urlTemplate":"https:\/\/celine-gonzales.fr\/?s={search_term_string}"},"query-input":{"@type":"PropertyValueSpecification","valueRequired":true,"valueName":"search_term_string"}}],"inLanguage":"en-US"},{"@type":["Person","Organization"],"@id":"https:\/\/celine-gonzales.fr\/#\/schema\/person\/319234eb4e2d9c7e908c002a679c7c8a","name":"c\u00e9line Gonzales","image":{"@type":"ImageObject","inLanguage":"en-US","@id":"https:\/\/celine-gonzales.fr\/wp-content\/uploads\/2023\/12\/cropped-Plan-de-travail-1-copie-12.png","url":"https:\/\/celine-gonzales.fr\/wp-content\/uploads\/2023\/12\/cropped-Plan-de-travail-1-copie-12.png","contentUrl":"https:\/\/celine-gonzales.fr\/wp-content\/uploads\/2023\/12\/cropped-Plan-de-travail-1-copie-12.png","width":224,"height":322,"caption":"c\u00e9line Gonzales"},"logo":{"@id":"https:\/\/celine-gonzales.fr\/wp-content\/uploads\/2023\/12\/cropped-Plan-de-travail-1-copie-12.png"}}]}},"_links":{"self":[{"href":"https:\/\/celine-gonzales.fr\/index.php?rest_route=\/wp\/v2\/pages\/67","targetHints":{"allow":["GET"]}}],"collection":[{"href":"https:\/\/celine-gonzales.fr\/index.php?rest_route=\/wp\/v2\/pages"}],"about":[{"href":"https:\/\/celine-gonzales.fr\/index.php?rest_route=\/wp\/v2\/types\/page"}],"author":[{"embeddable":true,"href":"https:\/\/celine-gonzales.fr\/index.php?rest_route=\/wp\/v2\/users\/1"}],"replies":[{"embeddable":true,"href":"https:\/\/celine-gonzales.fr\/index.php?rest_route=%2Fwp%2Fv2%2Fcomments&post=67"}],"version-history":[{"count":13,"href":"https:\/\/celine-gonzales.fr\/index.php?rest_route=\/wp\/v2\/pages\/67\/revisions"}],"predecessor-version":[{"id":2061,"href":"https:\/\/celine-gonzales.fr\/index.php?rest_route=\/wp\/v2\/pages\/67\/revisions\/2061"}],"wp:attachment":[{"href":"https:\/\/celine-gonzales.fr\/index.php?rest_route=%2Fwp%2Fv2%2Fmedia&parent=67"}],"curies":[{"name":"wp","href":"https:\/\/api.w.org\/{rel}","templated":true}]}}